{"id":70,"date":"2016-10-26T18:26:28","date_gmt":"2016-10-26T18:26:28","guid":{"rendered":"http:\/\/abcs.pt\/wordpress\/?page_id=70"},"modified":"2016-10-26T18:26:28","modified_gmt":"2016-10-26T18:26:28","slug":"e-procurement","status":"publish","type":"page","link":"https:\/\/abcs.pt\/wordpress\/e-procurement\/","title":{"rendered":"E-Procurement"},"content":{"rendered":"<p>As mat\u00e9rias primas ou os servi\u00e7os t\u00eam um papel vital na vida de uma empresa quando falamos sobre rentabilidade. Ao manter-se a qualidade com a aquisi\u00e7\u00e3o de bens essenciais\u00a0 para a actividade da empresa\u00a0a um pre\u00e7o mais competitivo consegue-se melhores margens e consequente retorno efectivo do investimento.<\/p>\n<p>N\u00e3o menos importante \u00e9 o fornecimento da mat\u00e9ria-prima com um fluxo regular e confi\u00e1vel de modo a evitar um eventual colapso com atraso na produ\u00e7\u00e3o e entrega, devolu\u00e7\u00e3o de mercadorias, entre outras dificuldades.<\/p>\n<p>\u00c9 sobre esta premissa que a ABCS Consulting apostou em disponibilizar aos seus clientes o servi\u00e7o de E-Procurement.<\/p>\n<p><strong>O que \u00e9 o e-Procurement?<\/strong><\/p>\n<p>A perspectiva da ABCS Consulting sobre o e-Procurement al\u00e9m da sua defini\u00e7\u00e3o cl\u00e1ssica (compra de bens e servi\u00e7os, por meio da Internet sendo que o e-procurement pode ser implementado atrav\u00e9s de um processo manual ou usando um software de gest\u00e3o do tipo ferramenta de ERP) acima de tudo passa pela externaliza\u00e7\u00e3o do t\u00edpico processo de compra. Para isso usamos a nossa base de dados de parceiros e fornecedores qualificados e habilitados atrav\u00e9s de um processo de selec\u00e7\u00e3o de qualidade rigoroso pelos nossos servi\u00e7os.<\/p>\n<p><strong>Qual a vantagem do servi\u00e7o de e-Procurement da ABCS Consulting?<\/strong><\/p>\n<ul>\n<li>Simplifica\u00e7\u00e3o do processo de compra.<\/li>\n<li>Redu\u00e7\u00e3o de custos de aquisi\u00e7\u00e3o baseado em crit\u00e9rios de qualidade.<\/li>\n<li>Permite aos nossos clientes focarem-se naquilo que \u00e9 realmente importante para o seu neg\u00f3cio (o seu core business) reduzindo o tempo gasto nos processos de aquisi\u00e7\u00e3o.<\/li>\n<li>O apoio de uma equipa experiente com ferramentas de apoio e de avalia\u00e7\u00e3o qualitativa dos servi\u00e7os e produtos disponibilizados pelos potenciais fornecedores.<\/li>\n<\/ul>\n<p>Resumindo ir\u00e1 poupar tempo e dinheiro sem perder a qualidade dos bens e servi\u00e7os essenciais para a sua empresa.<\/p>\n<p>Para mais informa\u00e7\u00e3o consulte-nos, questione-nos livre de qualquer encargo.<\/p>\n<p>&nbsp;<\/p>\n","protected":false},"excerpt":{"rendered":"<p>As mat\u00e9rias primas ou os servi\u00e7os t\u00eam um papel vital na vida de uma empresa quando falamos sobre rentabilidade. Ao manter-se a qualidade com a aquisi\u00e7\u00e3o de bens essenciais\u00a0 para a actividade da empresa\u00a0a um pre\u00e7o mais competitivo consegue-se melhores margens e consequente retorno efectivo do investimento. N\u00e3o menos importante \u00e9 o fornecimento da mat\u00e9ria-prima <a href=\"https:\/\/abcs.pt\/wordpress\/e-procurement\/\" rel=\"nofollow\"><span class=\"sr-only\">Read more about E-Procurement<\/span>[&hellip;]<\/a><\/p>\n","protected":false},"author":1,"featured_media":0,"parent":0,"menu_order":0,"comment_status":"closed","ping_status":"closed","template":"","meta":{"footnotes":""},"class_list":["post-70","page","type-page","status-publish","hentry"],"_links":{"self":[{"href":"https:\/\/abcs.pt\/wordpress\/wp-json\/wp\/v2\/pages\/70","targetHints":{"allow":["GET"]}}],"collection":[{"href":"https:\/\/abcs.pt\/wordpress\/wp-json\/wp\/v2\/pages"}],"about":[{"href":"https:\/\/abcs.pt\/wordpress\/wp-json\/wp\/v2\/types\/page"}],"author":[{"embeddable":true,"href":"https:\/\/abcs.pt\/wordpress\/wp-json\/wp\/v2\/users\/1"}],"replies":[{"embeddable":true,"href":"https:\/\/abcs.pt\/wordpress\/wp-json\/wp\/v2\/comments?post=70"}],"version-history":[{"count":3,"href":"https:\/\/abcs.pt\/wordpress\/wp-json\/wp\/v2\/pages\/70\/revisions"}],"predecessor-version":[{"id":78,"href":"https:\/\/abcs.pt\/wordpress\/wp-json\/wp\/v2\/pages\/70\/revisions\/78"}],"wp:attachment":[{"href":"https:\/\/abcs.pt\/wordpress\/wp-json\/wp\/v2\/media?parent=70"}],"curies":[{"name":"wp","href":"https:\/\/api.w.org\/{rel}","templated":true}]}}