{"id":68,"date":"2016-06-02T00:15:55","date_gmt":"2016-06-02T00:15:55","guid":{"rendered":"http:\/\/abcs.pt\/wordpress\/?page_id=68"},"modified":"2016-06-02T00:15:55","modified_gmt":"2016-06-02T00:15:55","slug":"integracao-de-sistemas","status":"publish","type":"page","link":"https:\/\/abcs.pt\/wordpress\/consultadoria\/integracao-de-sistemas\/","title":{"rendered":"Integra\u00e7\u00e3o de Sistemas"},"content":{"rendered":"<p>Os projectos de tecnologia, para terem sucesso, t\u00eam de passar por v\u00e1rias etapas que abrangem componentes tecnol\u00f3gicas e de processos. As empresas muitas vezes n\u00e3o t\u00eam internamente os conhecimentos necess\u00e1rios que lhes permitam decidir qual a direc\u00e7\u00e3o a seguir, como o fazer e qual a melhor op\u00e7\u00e3o tendo em considera\u00e7\u00e3o onde est\u00e3o, para onde querem ir, qual a sua \u00e1rea de neg\u00f3cio, etc..<\/p>\n<p>A <strong>ABCS Consulting<\/strong> tem consultores experientes que podem ajudar qualquer empresa na implementa\u00e7\u00e3o de projectos na \u00e1rea das Tecnologias de Informa\u00e7\u00e3o. Trabalhamos nas seguintes vertentes:<\/p>\n<ul>\n<li>Arquitectura Tecnol\u00f3gica: indicamos ao Cliente qual o caminho mais indicado<\/li>\n<li>Defini\u00e7\u00e3o dos Ambientes : mostramos qual a melhor forma de percorrer esse caminho<\/li>\n<li>Defini\u00e7\u00e3o e Implementa\u00e7\u00e3o de Processos: ajudamos o Cliente a definir e a desenhar os processos que deve ter para o seu ambiente tecnol\u00f3gico estar optimizado.<\/li>\n<li>Gest\u00e3o de Projectos: tratamos da gest\u00e3o e seguimento dos projectos inform\u00e1ticos de forma a obter um maior e melhor acompanhamento e resultados previs\u00edveis.<\/li>\n<li>Optimiza\u00e7\u00e3o &amp; Efici\u00eancia : propomos como o Cliente pode melhorar o seu ambiente<\/li>\n<li>Monitoriza\u00e7\u00e3o: recolhemos a informa\u00e7\u00e3o necess\u00e1ria que lhe permita tomar as melhores decis\u00f5es.<\/li>\n<\/ul>\n","protected":false},"excerpt":{"rendered":"<p>Os projectos de tecnologia, para terem sucesso, t\u00eam de passar por v\u00e1rias etapas que abrangem componentes tecnol\u00f3gicas e de processos. As empresas muitas vezes n\u00e3o t\u00eam internamente os conhecimentos necess\u00e1rios que lhes permitam decidir qual a direc\u00e7\u00e3o a seguir, como o fazer e qual a melhor op\u00e7\u00e3o tendo em considera\u00e7\u00e3o onde est\u00e3o, para onde querem <a href=\"https:\/\/abcs.pt\/wordpress\/consultadoria\/integracao-de-sistemas\/\" rel=\"nofollow\"><span class=\"sr-only\">Read more about Integra\u00e7\u00e3o de Sistemas<\/span>[&hellip;]<\/a><\/p>\n","protected":false},"author":1,"featured_media":0,"parent":27,"menu_order":0,"comment_status":"closed","ping_status":"closed","template":"","meta":{"footnotes":""},"class_list":["post-68","page","type-page","status-publish","hentry"],"_links":{"self":[{"href":"https:\/\/abcs.pt\/wordpress\/wp-json\/wp\/v2\/pages\/68","targetHints":{"allow":["GET"]}}],"collection":[{"href":"https:\/\/abcs.pt\/wordpress\/wp-json\/wp\/v2\/pages"}],"about":[{"href":"https:\/\/abcs.pt\/wordpress\/wp-json\/wp\/v2\/types\/page"}],"author":[{"embeddable":true,"href":"https:\/\/abcs.pt\/wordpress\/wp-json\/wp\/v2\/users\/1"}],"replies":[{"embeddable":true,"href":"https:\/\/abcs.pt\/wordpress\/wp-json\/wp\/v2\/comments?post=68"}],"version-history":[{"count":1,"href":"https:\/\/abcs.pt\/wordpress\/wp-json\/wp\/v2\/pages\/68\/revisions"}],"predecessor-version":[{"id":69,"href":"https:\/\/abcs.pt\/wordpress\/wp-json\/wp\/v2\/pages\/68\/revisions\/69"}],"up":[{"embeddable":true,"href":"https:\/\/abcs.pt\/wordpress\/wp-json\/wp\/v2\/pages\/27"}],"wp:attachment":[{"href":"https:\/\/abcs.pt\/wordpress\/wp-json\/wp\/v2\/media?parent=68"}],"curies":[{"name":"wp","href":"https:\/\/api.w.org\/{rel}","templated":true}]}}