{"id":64,"date":"2016-06-02T00:09:11","date_gmt":"2016-06-02T00:09:11","guid":{"rendered":"http:\/\/abcs.pt\/wordpress\/?page_id=64"},"modified":"2016-06-02T00:12:23","modified_gmt":"2016-06-02T00:12:23","slug":"manutencao-e-suporte-tecnico","status":"publish","type":"page","link":"https:\/\/abcs.pt\/wordpress\/infraestrutura\/manutencao-e-suporte-tecnico\/","title":{"rendered":"Manuten\u00e7\u00e3o e Suporte T\u00e9cnico"},"content":{"rendered":"<h3>Manuten\u00e7\u00e3o e Suporte T\u00e9cnico<\/h3>\n<p>Hoje em dia \u00e9 praticamente imposs\u00edvel imaginar uma empresa sem Inform\u00e1tica.\u00a0 \u00c9 por essa raz\u00e3o que para a ABCS Consulting\u00a0 \u00e9 vital providenciar um servi\u00e7o de Manuten\u00e7\u00e3o e Suporte T\u00e9cnico que permita prevenir eventuais problemas inform\u00e1ticos, bem como uma r\u00e1pida e eficiente resposta para quando os mesmos possam surgir.<\/p>\n","protected":false},"excerpt":{"rendered":"<p>Manuten\u00e7\u00e3o e Suporte T\u00e9cnico Hoje em dia \u00e9 praticamente imposs\u00edvel imaginar uma empresa sem Inform\u00e1tica.\u00a0 \u00c9 por essa raz\u00e3o que para a ABCS Consulting\u00a0 \u00e9 vital providenciar um servi\u00e7o de Manuten\u00e7\u00e3o e Suporte T\u00e9cnico que permita prevenir eventuais problemas inform\u00e1ticos, bem como uma r\u00e1pida e eficiente resposta para quando os mesmos possam surgir.<\/p>\n","protected":false},"author":1,"featured_media":0,"parent":42,"menu_order":0,"comment_status":"closed","ping_status":"closed","template":"","meta":{"footnotes":""},"class_list":["post-64","page","type-page","status-publish","hentry"],"_links":{"self":[{"href":"https:\/\/abcs.pt\/wordpress\/wp-json\/wp\/v2\/pages\/64","targetHints":{"allow":["GET"]}}],"collection":[{"href":"https:\/\/abcs.pt\/wordpress\/wp-json\/wp\/v2\/pages"}],"about":[{"href":"https:\/\/abcs.pt\/wordpress\/wp-json\/wp\/v2\/types\/page"}],"author":[{"embeddable":true,"href":"https:\/\/abcs.pt\/wordpress\/wp-json\/wp\/v2\/users\/1"}],"replies":[{"embeddable":true,"href":"https:\/\/abcs.pt\/wordpress\/wp-json\/wp\/v2\/comments?post=64"}],"version-history":[{"count":1,"href":"https:\/\/abcs.pt\/wordpress\/wp-json\/wp\/v2\/pages\/64\/revisions"}],"predecessor-version":[{"id":65,"href":"https:\/\/abcs.pt\/wordpress\/wp-json\/wp\/v2\/pages\/64\/revisions\/65"}],"up":[{"embeddable":true,"href":"https:\/\/abcs.pt\/wordpress\/wp-json\/wp\/v2\/pages\/42"}],"wp:attachment":[{"href":"https:\/\/abcs.pt\/wordpress\/wp-json\/wp\/v2\/media?parent=64"}],"curies":[{"name":"wp","href":"https:\/\/api.w.org\/{rel}","templated":true}]}}