{"id":56,"date":"2016-06-01T23:53:38","date_gmt":"2016-06-01T23:53:38","guid":{"rendered":"http:\/\/abcs.pt\/wordpress\/?page_id=56"},"modified":"2016-06-02T00:01:52","modified_gmt":"2016-06-02T00:01:52","slug":"cloud-computing","status":"publish","type":"page","link":"https:\/\/abcs.pt\/wordpress\/solucoes\/cloud-computing\/","title":{"rendered":"Cloud Computing"},"content":{"rendered":"<p><strong>Redu\u00e7\u00e3o de custos, Simplifica\u00e7\u00e3o de servi\u00e7os, Promo\u00e7\u00e3o da sustentabilidade!<\/strong><\/p>\n<p>Com as nossas solu\u00e7\u00f5es usufrui sem investimento inicial, software e hardware sempre actualizado. Poupe nos custos de manuten\u00e7\u00e3o e apoio t\u00e9cnico, fazendo mais com menos recursos.<br \/>\nUtilize de forma simples e eficaz tendo a flexibilidade para aumentar ou reduzir os servi\u00e7os em fun\u00e7\u00e3o das suas necessidades.<br \/>\nGaranta o acesso a qualquer hora e em qualquer lugar sempre com apoio t\u00e9cnico permanente, aumentando assim a produtividade e a efici\u00eancia.<br \/>\nTenha toda a informa\u00e7\u00e3o acess\u00edvel e segura usufruindo da velocidade e fiabilidade que o seu neg\u00f3cio precisa.<\/p>\n<p>Reduza equipamentos, optimize o espa\u00e7o f\u00edsico,\u00a0 aumente a efici\u00eancia energ\u00e9tica e minimize o impacto ambiental.<\/p>\n<p>Promova a sustentabilidade da sua empresa !<\/p>\n","protected":false},"excerpt":{"rendered":"<p>Redu\u00e7\u00e3o de custos, Simplifica\u00e7\u00e3o de servi\u00e7os, Promo\u00e7\u00e3o da sustentabilidade! Com as nossas solu\u00e7\u00f5es usufrui sem investimento inicial, software e hardware sempre actualizado. Poupe nos custos de manuten\u00e7\u00e3o e apoio t\u00e9cnico, fazendo mais com menos recursos. Utilize de forma simples e eficaz tendo a flexibilidade para aumentar ou reduzir os servi\u00e7os em fun\u00e7\u00e3o das suas necessidades. <a href=\"https:\/\/abcs.pt\/wordpress\/solucoes\/cloud-computing\/\" rel=\"nofollow\"><span class=\"sr-only\">Read more about Cloud Computing<\/span>[&hellip;]<\/a><\/p>\n","protected":false},"author":1,"featured_media":0,"parent":2,"menu_order":0,"comment_status":"closed","ping_status":"closed","template":"","meta":{"footnotes":""},"class_list":["post-56","page","type-page","status-publish","hentry"],"_links":{"self":[{"href":"https:\/\/abcs.pt\/wordpress\/wp-json\/wp\/v2\/pages\/56","targetHints":{"allow":["GET"]}}],"collection":[{"href":"https:\/\/abcs.pt\/wordpress\/wp-json\/wp\/v2\/pages"}],"about":[{"href":"https:\/\/abcs.pt\/wordpress\/wp-json\/wp\/v2\/types\/page"}],"author":[{"embeddable":true,"href":"https:\/\/abcs.pt\/wordpress\/wp-json\/wp\/v2\/users\/1"}],"replies":[{"embeddable":true,"href":"https:\/\/abcs.pt\/wordpress\/wp-json\/wp\/v2\/comments?post=56"}],"version-history":[{"count":2,"href":"https:\/\/abcs.pt\/wordpress\/wp-json\/wp\/v2\/pages\/56\/revisions"}],"predecessor-version":[{"id":61,"href":"https:\/\/abcs.pt\/wordpress\/wp-json\/wp\/v2\/pages\/56\/revisions\/61"}],"up":[{"embeddable":true,"href":"https:\/\/abcs.pt\/wordpress\/wp-json\/wp\/v2\/pages\/2"}],"wp:attachment":[{"href":"https:\/\/abcs.pt\/wordpress\/wp-json\/wp\/v2\/media?parent=56"}],"curies":[{"name":"wp","href":"https:\/\/api.w.org\/{rel}","templated":true}]}}