{"id":42,"date":"2016-06-01T18:04:18","date_gmt":"2016-06-01T18:04:18","guid":{"rendered":"http:\/\/abcs.pt\/wordpress\/?page_id=42"},"modified":"2016-06-01T18:10:11","modified_gmt":"2016-06-01T18:10:11","slug":"infraestrutura","status":"publish","type":"page","link":"https:\/\/abcs.pt\/wordpress\/infraestrutura\/","title":{"rendered":"Infraestrutura"},"content":{"rendered":"<p>A infraestrutura \u00e9 o componente que suporte os nossos sistemas e aplica\u00e7\u00f5es. Sem ela n\u00e3o conseguimos coisas t\u00e3o simples como aceder \u00e0 internet nem receber ou enviar uma simples mensagem de correio electr\u00f3nico.<\/p>\n<p>Mas a infraestrutura \u00e9 complexa, com muitos componentes que t\u00eam de conversar entre si. Para um bom funcionamento \u00e9 necess\u00e1rio um conhecimento multidisciplinar e, muitas vezes, as empresas n\u00e3o o t\u00eam ou n\u00e3o t\u00eam tempo dispon\u00edvel para o aplicar.<\/p>\n<p>A equipa da <strong>ABCS Consulting<\/strong> \u00e9 constitu\u00edda por profissionais qualificados que podem ajudar na defini\u00e7\u00e3o, redesenho e\/ou optimiza\u00e7\u00e3o da infraestrutura de qualquer empresa, independentemente da sua dimens\u00e3o ou sector de actividade.<\/p>\n<p>Sendo agn\u00f3stica em rela\u00e7\u00e3o a fabricantes, a <strong>ABCS Consulting<\/strong> entregar\u00e1 sempre a melhor proposta aos seus Clientes, sem compromissos com os construtores, que abranja um ou mais das seguintes \u00e1reas de infraestrutura:<\/p>\n<ul>\n<li>Sistemas<\/li>\n<li>Armazenamento<\/li>\n<li>Redes<\/li>\n<li>Virtualiza\u00e7\u00e3o e thin clients<\/li>\n<li>Seguran\u00e7a<\/li>\n<li>Unified Communications<\/li>\n<li>Postos de trabalho e perif\u00e9ricos<\/li>\n<\/ul>\n","protected":false},"excerpt":{"rendered":"<p>A infraestrutura \u00e9 o componente que suporte os nossos sistemas e aplica\u00e7\u00f5es. Sem ela n\u00e3o conseguimos coisas t\u00e3o simples como aceder \u00e0 internet nem receber ou enviar uma simples mensagem de correio electr\u00f3nico. Mas a infraestrutura \u00e9 complexa, com muitos componentes que t\u00eam de conversar entre si. Para um bom funcionamento \u00e9 necess\u00e1rio um conhecimento <a href=\"https:\/\/abcs.pt\/wordpress\/infraestrutura\/\" rel=\"nofollow\"><span class=\"sr-only\">Read more about Infraestrutura<\/span>[&hellip;]<\/a><\/p>\n","protected":false},"author":1,"featured_media":0,"parent":0,"menu_order":0,"comment_status":"closed","ping_status":"closed","template":"","meta":{"footnotes":""},"class_list":["post-42","page","type-page","status-publish","hentry"],"_links":{"self":[{"href":"https:\/\/abcs.pt\/wordpress\/wp-json\/wp\/v2\/pages\/42","targetHints":{"allow":["GET"]}}],"collection":[{"href":"https:\/\/abcs.pt\/wordpress\/wp-json\/wp\/v2\/pages"}],"about":[{"href":"https:\/\/abcs.pt\/wordpress\/wp-json\/wp\/v2\/types\/page"}],"author":[{"embeddable":true,"href":"https:\/\/abcs.pt\/wordpress\/wp-json\/wp\/v2\/users\/1"}],"replies":[{"embeddable":true,"href":"https:\/\/abcs.pt\/wordpress\/wp-json\/wp\/v2\/comments?post=42"}],"version-history":[{"count":2,"href":"https:\/\/abcs.pt\/wordpress\/wp-json\/wp\/v2\/pages\/42\/revisions"}],"predecessor-version":[{"id":51,"href":"https:\/\/abcs.pt\/wordpress\/wp-json\/wp\/v2\/pages\/42\/revisions\/51"}],"wp:attachment":[{"href":"https:\/\/abcs.pt\/wordpress\/wp-json\/wp\/v2\/media?parent=42"}],"curies":[{"name":"wp","href":"https:\/\/api.w.org\/{rel}","templated":true}]}}