{"id":27,"date":"2016-05-13T22:18:07","date_gmt":"2016-05-13T22:18:07","guid":{"rendered":"http:\/\/abcs.pt\/wordpress\/?page_id=27"},"modified":"2016-06-02T00:03:41","modified_gmt":"2016-06-02T00:03:41","slug":"consultadoria","status":"publish","type":"page","link":"https:\/\/abcs.pt\/wordpress\/consultadoria\/","title":{"rendered":"Consultadoria"},"content":{"rendered":"<p>Na ABCS Consulting fornecemos servi\u00e7os e solu\u00e7\u00f5es na \u00e1rea de IT que buscam optimizar o neg\u00f3cio dos nossos parceiros de modo a produzir resultados mais efectivos, em \u00e1reas especificas ou transversais, como por exemplo:<\/p>\n<p>Gest\u00e3o &#8211; \u00a0Atrav\u00e9s da Implementa\u00e7\u00e3o de metodologias\u00a0 que potenciam a produtividade e organiza\u00e7\u00e3o nos nossos parceiros, \u00a0a ABCS Consulting providencia um servi\u00e7o que visa a optimiza\u00e7\u00e3o de recursos\u00a0 e\u00a0 automatiza\u00e7\u00e3o de processos\u00a0 em diversas \u00e1reas , tais como:<\/p>\n<p>Desenvolvimento aplicacional &#8211; As aplica\u00e7\u00f5es tipicamente s\u00e3o meios laboriais que permitem uma maior produtividade\u00a0 naquilo que \u00e9 a vida de uma empresa. Na ABCS Consulting elaboramos ou aperfei\u00e7oamos aplica\u00e7\u00f5es\u00a0 em\u00a0 diversos tipos de plataformas de acordo com as necessidade dos nossos parceiros.<\/p>\n","protected":false},"excerpt":{"rendered":"<p>Na ABCS Consulting fornecemos servi\u00e7os e solu\u00e7\u00f5es na \u00e1rea de IT que buscam optimizar o neg\u00f3cio dos nossos parceiros de modo a produzir resultados mais efectivos, em \u00e1reas especificas ou transversais, como por exemplo: Gest\u00e3o &#8211; \u00a0Atrav\u00e9s da Implementa\u00e7\u00e3o de metodologias\u00a0 que potenciam a produtividade e organiza\u00e7\u00e3o nos nossos parceiros, \u00a0a ABCS Consulting providencia um <a href=\"https:\/\/abcs.pt\/wordpress\/consultadoria\/\" rel=\"nofollow\"><span class=\"sr-only\">Read more about Consultadoria<\/span>[&hellip;]<\/a><\/p>\n","protected":false},"author":1,"featured_media":0,"parent":0,"menu_order":0,"comment_status":"closed","ping_status":"closed","template":"","meta":{"footnotes":""},"class_list":["post-27","page","type-page","status-publish","hentry"],"_links":{"self":[{"href":"https:\/\/abcs.pt\/wordpress\/wp-json\/wp\/v2\/pages\/27","targetHints":{"allow":["GET"]}}],"collection":[{"href":"https:\/\/abcs.pt\/wordpress\/wp-json\/wp\/v2\/pages"}],"about":[{"href":"https:\/\/abcs.pt\/wordpress\/wp-json\/wp\/v2\/types\/page"}],"author":[{"embeddable":true,"href":"https:\/\/abcs.pt\/wordpress\/wp-json\/wp\/v2\/users\/1"}],"replies":[{"embeddable":true,"href":"https:\/\/abcs.pt\/wordpress\/wp-json\/wp\/v2\/comments?post=27"}],"version-history":[{"count":5,"href":"https:\/\/abcs.pt\/wordpress\/wp-json\/wp\/v2\/pages\/27\/revisions"}],"predecessor-version":[{"id":62,"href":"https:\/\/abcs.pt\/wordpress\/wp-json\/wp\/v2\/pages\/27\/revisions\/62"}],"wp:attachment":[{"href":"https:\/\/abcs.pt\/wordpress\/wp-json\/wp\/v2\/media?parent=27"}],"curies":[{"name":"wp","href":"https:\/\/api.w.org\/{rel}","templated":true}]}}