{"id":2,"date":"2016-05-12T20:45:32","date_gmt":"2016-05-12T20:45:32","guid":{"rendered":"http:\/\/abcs.pt\/wordpress\/?page_id=2"},"modified":"2016-06-02T00:06:06","modified_gmt":"2016-06-02T00:06:06","slug":"solucoes","status":"publish","type":"page","link":"https:\/\/abcs.pt\/wordpress\/solucoes\/","title":{"rendered":"Solu\u00e7\u00f5es Inform\u00e1ticas"},"content":{"rendered":"<p>As solu\u00e7\u00f5es de inform\u00e1tica da <strong>ABCS Consulting<\/strong> podem ser desenhadas para serem exploradas pelos Clientes, por equipas mistas Cliente\/recursos externos, integradas em ambientes geridos por fornecedores de servi\u00e7o ou pensadas para a Cloud.<\/p>\n<p>Ao definir uma solu\u00e7\u00e3o a <strong>ABCS Consulting<\/strong> tem sempre em considera\u00e7\u00e3o:<\/p>\n<ul>\n<li>Redu\u00e7\u00e3o do custo total da propriedade;<\/li>\n<li>Uma utiliza\u00e7\u00e3o optimizada dos recursos t\u00e9cnicos e humanos;<\/li>\n<li>Optimiza\u00e7\u00e3o dos processos;<\/li>\n<li>Uma implementa\u00e7\u00e3o de uma base tecnol\u00f3gica com futuro.<\/li>\n<\/ul>\n<h3>Redu\u00e7\u00e3o do TCO<\/h3>\n<p>A redu\u00e7\u00e3o do custo total da propriedade, tanto em termos de aquisi\u00e7\u00e3o como manuten\u00e7\u00e3o e explora\u00e7\u00e3o, \u00e9 uma das principais preocupa\u00e7\u00f5es da <strong>ABCS Consulting<\/strong>. Por exemplo, os projectos de virtualiza\u00e7\u00e3o de servidores e\/ou postos de trabalho, consolida\u00e7\u00e3o de armazenamento <em>e unified communications<\/em> permitem \u00e0s empresas diminui\u00e7\u00f5es de custos muito significativas, tanto ao n\u00edvel da aquisi\u00e7\u00e3o como da gest\u00e3o e administra\u00e7\u00e3o corrente. Por seu turno, os projectos de seguran\u00e7a evitam problemas tanto em termos de acesso como disponibilidade, reduzindo ou mesmo evitando os custos de causados por indisponibilidade.<\/p>\n","protected":false},"excerpt":{"rendered":"<p>As solu\u00e7\u00f5es de inform\u00e1tica da ABCS Consulting podem ser desenhadas para serem exploradas pelos Clientes, por equipas mistas Cliente\/recursos externos, integradas em ambientes geridos por fornecedores de servi\u00e7o ou pensadas para a Cloud. Ao definir uma solu\u00e7\u00e3o a ABCS Consulting tem sempre em considera\u00e7\u00e3o: Redu\u00e7\u00e3o do custo total da propriedade; Uma utiliza\u00e7\u00e3o optimizada dos recursos <a href=\"https:\/\/abcs.pt\/wordpress\/solucoes\/\" rel=\"nofollow\"><span class=\"sr-only\">Read more about Solu\u00e7\u00f5es Inform\u00e1ticas<\/span>[&hellip;]<\/a><\/p>\n","protected":false},"author":1,"featured_media":0,"parent":0,"menu_order":0,"comment_status":"closed","ping_status":"closed","template":"template-fullwidth.php","meta":{"footnotes":""},"class_list":["post-2","page","type-page","status-publish","hentry"],"_links":{"self":[{"href":"https:\/\/abcs.pt\/wordpress\/wp-json\/wp\/v2\/pages\/2","targetHints":{"allow":["GET"]}}],"collection":[{"href":"https:\/\/abcs.pt\/wordpress\/wp-json\/wp\/v2\/pages"}],"about":[{"href":"https:\/\/abcs.pt\/wordpress\/wp-json\/wp\/v2\/types\/page"}],"author":[{"embeddable":true,"href":"https:\/\/abcs.pt\/wordpress\/wp-json\/wp\/v2\/users\/1"}],"replies":[{"embeddable":true,"href":"https:\/\/abcs.pt\/wordpress\/wp-json\/wp\/v2\/comments?post=2"}],"version-history":[{"count":7,"href":"https:\/\/abcs.pt\/wordpress\/wp-json\/wp\/v2\/pages\/2\/revisions"}],"predecessor-version":[{"id":63,"href":"https:\/\/abcs.pt\/wordpress\/wp-json\/wp\/v2\/pages\/2\/revisions\/63"}],"wp:attachment":[{"href":"https:\/\/abcs.pt\/wordpress\/wp-json\/wp\/v2\/media?parent=2"}],"curies":[{"name":"wp","href":"https:\/\/api.w.org\/{rel}","templated":true}]}}